{"id":553,"date":"2023-03-20T11:04:32","date_gmt":"2023-03-20T10:04:32","guid":{"rendered":"https:\/\/dev.jwg-invest.com\/?page_id=553"},"modified":"2023-04-06T14:12:53","modified_gmt":"2023-04-06T12:12:53","slug":"nadruk","status":"publish","type":"page","link":"https:\/\/jwg-invest.com\/pl\/nadruk\/","title":{"rendered":"NADRUK"},"content":{"rendered":"\n<div class=\"block-element\">\n    <div class=\"container\">\n\n                    <div class=\"title\"><h1 class=\"small\">NADRUK<\/h1><\/div>\n            <p>JWG INVEST sp. z o.o. sp.k.<br \/>\nUl. 1 Maja 39<br \/>\n71-627 Szczecin<br \/>\n<a href=\"tel:+48698641153\">+48698641153<\/a><br \/>\n<a href=\"mailto:jakubiec@bbparkszczecin.pl\">jakubiec@bbparkszczecin.pl<\/a><\/p>\n<p><strong>NIP:<\/strong><br \/>\nPL\u200a8522597254<br \/>\nKONCEPCJA, PROJEKT I REALIZACJA:<br \/>\nGOLDLAND MEDIA GmbH www.goldland-media.com<\/p>\n<h4>COPYRIGHT<\/h4>\n<p>O ile nie zaznaczono inaczej, wszystkie strony tej witryny s\u0105 obj\u0119te prawami autorskimi. Dotyczy to w szczeg\u00f3lno\u015bci tekst\u00f3w, obraz\u00f3w, grafik i plik\u00f3w stylistycznych, w tym ich rozmieszczenia na stronach internetowych.<br \/>\nPowielanie lub wykorzystywanie stron internetowych (lub ich cz\u0119\u015bci) w innych publikacjach elektronicznych lub drukowanych oraz ich publikowanie (w tym w Internecie) jest dozwolone wy\u0142\u0105cznie za uprzedni\u0105 zgod\u0105.<br \/>\nPonadto obrazy, grafiki, teksty lub inne pliki mog\u0105 by\u0107 w ca\u0142o\u015bci lub w cz\u0119\u015bci przedmiotem praw autorskich os\u00f3b trzecich. Wszystkie marki i znaki towarowe wymienione na stronie internetowej i ewentualnie chronione przez osoby trzecie podlegaj\u0105 bez ogranicze\u0144 przepisom obowi\u0105zuj\u0105cego prawa o znakach towarowych oraz prawom w\u0142asno\u015bci poszczeg\u00f3lnych zarejestrowanych w\u0142a\u015bcicieli. Sama wzmianka o znaku towarowym na naszej stronie internetowej nie oznacza, \u017ce znak ten nie jest chroniony prawami os\u00f3b trzecich.<\/p>\n<h4>\u015aWIADCZENIE<\/h4>\n<h4>Autor opracowa\u0142 i sprawdzi\u0142 wszystkie informacje podane w jego obszarze zgodnie z najlepsz\u0105 wiedz\u0105 i przekonaniem. Autor nie ponosi jednak \u017cadnej odpowiedzialno\u015bci za aktualno\u015b\u0107, poprawno\u015b\u0107, kompletno\u015b\u0107 i jako\u015b\u0107 podanych informacji. Wyklucza si\u0119 roszczenia wobec autora z tytu\u0142u odpowiedzialno\u015bci za szkody materialne lub niematerialne powsta\u0142e w wyniku wykorzystania lub niewykorzystania udost\u0119pnionych informacji lub w wyniku wykorzystania b\u0142\u0119dnych lub niepe\u0142nych informacji, chyba \u017ce autorowi mo\u017cna udowodni\u0107 dzia\u0142anie umy\u015blne lub ra\u017c\u0105ce zaniedbanie.<br \/>\nWszystkie oferty mog\u0105 ulec zmianie i s\u0105 niewi\u0105\u017c\u0105ce. Autor wyra\u017anie zastrzega sobie prawo do zmiany, uzupe\u0142nienia lub usuni\u0119cia cz\u0119\u015bci stron lub ca\u0142ej oferty bez uprzedniego powiadomienia lub do czasowego lub trwa\u0142ego zaprzestania publikacji.<\/h4>\n<h4>REFERENCJE I LINKI (DISCLAIMER)<\/h4>\n<p>Autor nie ponosi odpowiedzialno\u015bci za tre\u015bci, do kt\u00f3rych prowadz\u0105 linki lub odsy\u0142acze z jego stron &#8211; chyba, \u017ce posiada pe\u0142n\u0105 wiedz\u0119 o nielegalnych tre\u015bciach i by\u0142by w stanie zapobiec przegl\u0105daniu tych stron przez odwiedzaj\u0105cych jego stron\u0119.<br \/>\nAutor o\u015bwiadcza niniejszym wyra\u017anie, \u017ce w momencie tworzenia link\u00f3w na stronach, do kt\u00f3rych one prowadz\u0105, nie mo\u017cna by\u0142o dostrzec \u017cadnych nielegalnych tre\u015bci. Autor nie ma wp\u0142ywu na obecny i przysz\u0142y wygl\u0105d, tre\u015b\u0107 lub autorstwo stron, do kt\u00f3rych prowadz\u0105 linki. Z tego powodu dystansuje si\u0119 on niniejszym wyra\u017anie od wszystkich tre\u015bci wszystkich stron, do kt\u00f3rych prowadz\u0105 linki, a kt\u00f3re zosta\u0142y zmienione po utworzeniu linku. To o\u015bwiadczenie dotyczy wszystkich link\u00f3w i odno\u015bnik\u00f3w umieszczonych na w\u0142asnej stronie internetowej, jak r\u00f3wnie\u017c wpis\u00f3w os\u00f3b trzecich w za\u0142o\u017conych przez autora ksi\u0119gach go\u015bci, forach dyskusyjnych i listach mailingowych. Odpowiedzialno\u015b\u0107 za nielegalne, b\u0142\u0119dne lub niekompletne tre\u015bci, a w szczeg\u00f3lno\u015bci za szkody powsta\u0142e w wyniku wykorzystania lub niewykorzystania takich informacji, ponosi wy\u0142\u0105cznie oferent strony, do kt\u00f3rej nast\u0119puje odes\u0142anie, a nie ten, kto jedynie odsy\u0142a do danej publikacji za pomoc\u0105 link\u00f3w.<\/p>\n        \n    <\/div>\n<\/div>","protected":false},"excerpt":{"rendered":"","protected":false},"author":1,"featured_media":0,"parent":0,"menu_order":0,"comment_status":"closed","ping_status":"closed","template":"","meta":{"footnotes":""},"class_list":["post-553","page","type-page","status-publish","hentry"],"acf":[],"yoast_head":"<!-- This site is optimized with the Yoast SEO plugin v20.6 - https:\/\/yoast.com\/wordpress\/plugins\/seo\/ -->\n<title>NADRUK - JWG INVEST sp. z o.o. sp.k.<\/title>\n<meta name=\"robots\" content=\"index, follow, max-snippet:-1, max-image-preview:large, max-video-preview:-1\" \/>\n<link rel=\"canonical\" href=\"https:\/\/jwg-invest.com\/pl\/nadruk\/\" \/>\n<meta property=\"og:locale\" content=\"pl_PL\" \/>\n<meta property=\"og:type\" content=\"article\" \/>\n<meta property=\"og:title\" content=\"NADRUK - JWG INVEST sp. z o.o. sp.k.\" \/>\n<meta property=\"og:url\" content=\"https:\/\/jwg-invest.com\/pl\/nadruk\/\" \/>\n<meta property=\"og:site_name\" content=\"JWG INVEST sp. z o.o. sp.k.\" \/>\n<meta property=\"article:modified_time\" content=\"2023-04-06T12:12:53+00:00\" \/>\n<meta name=\"twitter:card\" content=\"summary_large_image\" \/>\n<script type=\"application\/ld+json\" class=\"yoast-schema-graph\">{\"@context\":\"https:\/\/schema.org\",\"@graph\":[{\"@type\":\"WebPage\",\"@id\":\"https:\/\/jwg-invest.com\/pl\/nadruk\/\",\"url\":\"https:\/\/jwg-invest.com\/pl\/nadruk\/\",\"name\":\"NADRUK - JWG INVEST sp. z o.o. sp.k.\",\"isPartOf\":{\"@id\":\"https:\/\/jwg-invest.com\/pl\/#website\"},\"datePublished\":\"2023-03-20T10:04:32+00:00\",\"dateModified\":\"2023-04-06T12:12:53+00:00\",\"breadcrumb\":{\"@id\":\"https:\/\/jwg-invest.com\/pl\/nadruk\/#breadcrumb\"},\"inLanguage\":\"pl-PL\",\"potentialAction\":[{\"@type\":\"ReadAction\",\"target\":[\"https:\/\/jwg-invest.com\/pl\/nadruk\/\"]}]},{\"@type\":\"BreadcrumbList\",\"@id\":\"https:\/\/jwg-invest.com\/pl\/nadruk\/#breadcrumb\",\"itemListElement\":[{\"@type\":\"ListItem\",\"position\":1,\"name\":\"Startseite\",\"item\":\"https:\/\/jwg-invest.com\/pl\/\"},{\"@type\":\"ListItem\",\"position\":2,\"name\":\"NADRUK\"}]},{\"@type\":\"WebSite\",\"@id\":\"https:\/\/jwg-invest.com\/pl\/#website\",\"url\":\"https:\/\/jwg-invest.com\/pl\/\",\"name\":\"JWG INVEST sp. z o.o. sp.k.\",\"description\":\"\",\"publisher\":{\"@id\":\"https:\/\/jwg-invest.com\/pl\/#organization\"},\"potentialAction\":[{\"@type\":\"SearchAction\",\"target\":{\"@type\":\"EntryPoint\",\"urlTemplate\":\"https:\/\/jwg-invest.com\/pl\/?s={search_term_string}\"},\"query-input\":\"required name=search_term_string\"}],\"inLanguage\":\"pl-PL\"},{\"@type\":\"Organization\",\"@id\":\"https:\/\/jwg-invest.com\/pl\/#organization\",\"name\":\"JWG INVEST sp. z o.o. sp.k.\",\"url\":\"https:\/\/jwg-invest.com\/pl\/\",\"logo\":{\"@type\":\"ImageObject\",\"inLanguage\":\"pl-PL\",\"@id\":\"https:\/\/jwg-invest.com\/pl\/#\/schema\/logo\/image\/\",\"url\":\"https:\/\/jwg-invest.com\/wp-content\/uploads\/2023\/03\/cropped-JWG-Logo-EN-beige-RGB_2x.png\",\"contentUrl\":\"https:\/\/jwg-invest.com\/wp-content\/uploads\/2023\/03\/cropped-JWG-Logo-EN-beige-RGB_2x.png\",\"width\":512,\"height\":512,\"caption\":\"JWG INVEST sp. z o.o. sp.k.\"},\"image\":{\"@id\":\"https:\/\/jwg-invest.com\/pl\/#\/schema\/logo\/image\/\"}}]}<\/script>\n<!-- \/ Yoast SEO plugin. -->","yoast_head_json":{"title":"NADRUK - JWG INVEST sp. z o.o. sp.k.","robots":{"index":"index","follow":"follow","max-snippet":"max-snippet:-1","max-image-preview":"max-image-preview:large","max-video-preview":"max-video-preview:-1"},"canonical":"https:\/\/jwg-invest.com\/pl\/nadruk\/","og_locale":"pl_PL","og_type":"article","og_title":"NADRUK - JWG INVEST sp. z o.o. sp.k.","og_url":"https:\/\/jwg-invest.com\/pl\/nadruk\/","og_site_name":"JWG INVEST sp. z o.o. sp.k.","article_modified_time":"2023-04-06T12:12:53+00:00","twitter_card":"summary_large_image","schema":{"@context":"https:\/\/schema.org","@graph":[{"@type":"WebPage","@id":"https:\/\/jwg-invest.com\/pl\/nadruk\/","url":"https:\/\/jwg-invest.com\/pl\/nadruk\/","name":"NADRUK - JWG INVEST sp. z o.o. sp.k.","isPartOf":{"@id":"https:\/\/jwg-invest.com\/pl\/#website"},"datePublished":"2023-03-20T10:04:32+00:00","dateModified":"2023-04-06T12:12:53+00:00","breadcrumb":{"@id":"https:\/\/jwg-invest.com\/pl\/nadruk\/#breadcrumb"},"inLanguage":"pl-PL","potentialAction":[{"@type":"ReadAction","target":["https:\/\/jwg-invest.com\/pl\/nadruk\/"]}]},{"@type":"BreadcrumbList","@id":"https:\/\/jwg-invest.com\/pl\/nadruk\/#breadcrumb","itemListElement":[{"@type":"ListItem","position":1,"name":"Startseite","item":"https:\/\/jwg-invest.com\/pl\/"},{"@type":"ListItem","position":2,"name":"NADRUK"}]},{"@type":"WebSite","@id":"https:\/\/jwg-invest.com\/pl\/#website","url":"https:\/\/jwg-invest.com\/pl\/","name":"JWG INVEST sp. z o.o. sp.k.","description":"","publisher":{"@id":"https:\/\/jwg-invest.com\/pl\/#organization"},"potentialAction":[{"@type":"SearchAction","target":{"@type":"EntryPoint","urlTemplate":"https:\/\/jwg-invest.com\/pl\/?s={search_term_string}"},"query-input":"required name=search_term_string"}],"inLanguage":"pl-PL"},{"@type":"Organization","@id":"https:\/\/jwg-invest.com\/pl\/#organization","name":"JWG INVEST sp. z o.o. sp.k.","url":"https:\/\/jwg-invest.com\/pl\/","logo":{"@type":"ImageObject","inLanguage":"pl-PL","@id":"https:\/\/jwg-invest.com\/pl\/#\/schema\/logo\/image\/","url":"https:\/\/jwg-invest.com\/wp-content\/uploads\/2023\/03\/cropped-JWG-Logo-EN-beige-RGB_2x.png","contentUrl":"https:\/\/jwg-invest.com\/wp-content\/uploads\/2023\/03\/cropped-JWG-Logo-EN-beige-RGB_2x.png","width":512,"height":512,"caption":"JWG INVEST sp. z o.o. sp.k."},"image":{"@id":"https:\/\/jwg-invest.com\/pl\/#\/schema\/logo\/image\/"}}]}},"_links":{"self":[{"href":"https:\/\/jwg-invest.com\/pl\/wp-json\/wp\/v2\/pages\/553","targetHints":{"allow":["GET"]}}],"collection":[{"href":"https:\/\/jwg-invest.com\/pl\/wp-json\/wp\/v2\/pages"}],"about":[{"href":"https:\/\/jwg-invest.com\/pl\/wp-json\/wp\/v2\/types\/page"}],"author":[{"embeddable":true,"href":"https:\/\/jwg-invest.com\/pl\/wp-json\/wp\/v2\/users\/1"}],"replies":[{"embeddable":true,"href":"https:\/\/jwg-invest.com\/pl\/wp-json\/wp\/v2\/comments?post=553"}],"version-history":[{"count":4,"href":"https:\/\/jwg-invest.com\/pl\/wp-json\/wp\/v2\/pages\/553\/revisions"}],"predecessor-version":[{"id":758,"href":"https:\/\/jwg-invest.com\/pl\/wp-json\/wp\/v2\/pages\/553\/revisions\/758"}],"wp:attachment":[{"href":"https:\/\/jwg-invest.com\/pl\/wp-json\/wp\/v2\/media?parent=553"}],"curies":[{"name":"wp","href":"https:\/\/api.w.org\/{rel}","templated":true}]}}